{"id":28,"date":"2015-12-17T10:07:13","date_gmt":"2015-12-17T09:07:13","guid":{"rendered":"http:\/\/www.alsacloud.fr\/?page_id=28"},"modified":"2019-07-27T10:24:37","modified_gmt":"2019-07-27T09:24:37","slug":"accueil","status":"publish","type":"page","link":"https:\/\/www.alsacloud.fr\/index.php\/accueil\/","title":{"rendered":"Accueil"},"content":{"rendered":"<p>Alsacloud est le nom de domaine que j&rsquo;utilise dans mon environnement de test lorsque je joue avec des nouvelles solutions que ce soit WEB ou local.<\/p>\n<p>Un environnement que j&rsquo;utilise principalement pour reproduire des cas d&rsquo;utilisation et aussi pour moi-m\u00eame avec l&rsquo;intention d&rsquo;apprendre de nouvelles configurations et fonctionnalit\u00e9s d&rsquo;applications.<\/p>\n<p>J&rsquo;aime travailler avec des machines virtuelles et diff\u00e9rentes applications \u00ab\u00a0on-premise\u00a0\u00bb, mais il y a un int\u00e9r\u00eat croissant de mon c\u00f4t\u00e9 pour le Cloud et en particulier pour ceux qui offrent des solutions de virtualisation, de disponibilit\u00e9 des donn\u00e9es et de collaboration.<\/p>\n<p>Dans le but d&rsquo;exp\u00e9rimenter ces solutions cloud il fallait bien un nom de domaine et \u00e9tant Alsacien voulant tester des solutions de Cloud c&rsquo;est tout naturellement que le choix c&rsquo;est fait&#8230;<\/p>\n<p>Donc, Alsacloud a vraiment pour but de partager l&rsquo;information. C&rsquo;est essentiellement une fa\u00e7on de redonner \u00e0 la communaut\u00e9 et, esp\u00e9rons-le, quelque chose d&rsquo;utile que d&rsquo;autres peuvent tester et reproduire dans leur environnement.<\/p>\n<p>A propos du Blog :<\/p>\n<p>Il y a un certain nombre de domaines technologiques diff\u00e9rents avec lesquels j&rsquo;aime travailler et ils sont principalement :<\/p>\n<ul>\n<li>Virtualisation<\/li>\n<li>Stockage<\/li>\n<li>R\u00e9seau<\/li>\n<li>Serveur WEB<\/li>\n<li>Site WEB<\/li>\n<li>Domotique<\/li>\n<\/ul>\n<p>J&rsquo;esp\u00e8re que vous appr\u00e9cierez les lectures de ce blog et n&rsquo;h\u00e9sitez pas \u00e0 nous contacter !<\/p>\n<p>Cordialement,<\/p>\n<p><span class=\"signature\">Christophe HAUERT<\/span><\/p>\n","protected":false},"excerpt":{"rendered":"<div class=\"mh-excerpt\"><p>Alsacloud est le nom de domaine que j&rsquo;utilise dans mon environnement de test lorsque je joue avec des nouvelles solutions que ce soit WEB ou local. Un environnement que j&rsquo;utilise principalement pour reproduire des cas <a class=\"mh-excerpt-more\" href=\"https:\/\/www.alsacloud.fr\/index.php\/accueil\/\" title=\"Accueil\">[Lire la suite&#8230;]<\/a><\/p>\n<\/div>","protected":false},"author":1,"featured_media":0,"parent":0,"menu_order":0,"comment_status":"closed","ping_status":"closed","template":"","meta":{"footnotes":""},"class_list":["post-28","page","type-page","status-publish","hentry"],"yoast_head":"<!-- This site is optimized with the Yoast SEO plugin v25.6 - https:\/\/yoast.com\/wordpress\/plugins\/seo\/ -->\n<title>Accueil - Alsacloud.fr<\/title>\n<meta name=\"robots\" content=\"index, follow, max-snippet:-1, max-image-preview:large, max-video-preview:-1\" \/>\n<link rel=\"canonical\" href=\"https:\/\/www.alsacloud.fr\/index.php\/accueil\/\" \/>\n<meta property=\"og:locale\" content=\"fr_FR\" \/>\n<meta property=\"og:type\" content=\"article\" \/>\n<meta property=\"og:title\" content=\"Accueil - Alsacloud.fr\" \/>\n<meta property=\"og:description\" content=\"Alsacloud est le nom de domaine que j&rsquo;utilise dans mon environnement de test lorsque je joue avec des nouvelles solutions que ce soit WEB ou local. Un environnement que j&rsquo;utilise principalement pour reproduire des cas [Lire la suite...]\" \/>\n<meta property=\"og:url\" content=\"https:\/\/www.alsacloud.fr\/index.php\/accueil\/\" \/>\n<meta property=\"og:site_name\" content=\"Alsacloud.fr\" \/>\n<meta property=\"article:modified_time\" content=\"2019-07-27T09:24:37+00:00\" \/>\n<meta name=\"twitter:card\" content=\"summary_large_image\" \/>\n<meta name=\"twitter:label1\" content=\"Dur\u00e9e de lecture estim\u00e9e\" \/>\n\t<meta name=\"twitter:data1\" content=\"1 minute\" \/>\n<script type=\"application\/ld+json\" class=\"yoast-schema-graph\">{\"@context\":\"https:\/\/schema.org\",\"@graph\":[{\"@type\":\"WebPage\",\"@id\":\"https:\/\/www.alsacloud.fr\/index.php\/accueil\/\",\"url\":\"https:\/\/www.alsacloud.fr\/index.php\/accueil\/\",\"name\":\"Accueil - Alsacloud.fr\",\"isPartOf\":{\"@id\":\"https:\/\/www.alsacloud.fr\/#website\"},\"datePublished\":\"2015-12-17T09:07:13+00:00\",\"dateModified\":\"2019-07-27T09:24:37+00:00\",\"breadcrumb\":{\"@id\":\"https:\/\/www.alsacloud.fr\/index.php\/accueil\/#breadcrumb\"},\"inLanguage\":\"fr-FR\",\"potentialAction\":[{\"@type\":\"ReadAction\",\"target\":[\"https:\/\/www.alsacloud.fr\/index.php\/accueil\/\"]}]},{\"@type\":\"BreadcrumbList\",\"@id\":\"https:\/\/www.alsacloud.fr\/index.php\/accueil\/#breadcrumb\",\"itemListElement\":[{\"@type\":\"ListItem\",\"position\":1,\"name\":\"Accueil\",\"item\":\"https:\/\/www.alsacloud.fr\/\"},{\"@type\":\"ListItem\",\"position\":2,\"name\":\"Accueil\"}]},{\"@type\":\"WebSite\",\"@id\":\"https:\/\/www.alsacloud.fr\/#website\",\"url\":\"https:\/\/www.alsacloud.fr\/\",\"name\":\"Alsacloud.fr\",\"description\":\"Un savoir local pour une technologie dans les nuages...\",\"publisher\":{\"@id\":\"https:\/\/www.alsacloud.fr\/#organization\"},\"potentialAction\":[{\"@type\":\"SearchAction\",\"target\":{\"@type\":\"EntryPoint\",\"urlTemplate\":\"https:\/\/www.alsacloud.fr\/?s={search_term_string}\"},\"query-input\":{\"@type\":\"PropertyValueSpecification\",\"valueRequired\":true,\"valueName\":\"search_term_string\"}}],\"inLanguage\":\"fr-FR\"},{\"@type\":\"Organization\",\"@id\":\"https:\/\/www.alsacloud.fr\/#organization\",\"name\":\"Alsacloud\",\"url\":\"https:\/\/www.alsacloud.fr\/\",\"logo\":{\"@type\":\"ImageObject\",\"inLanguage\":\"fr-FR\",\"@id\":\"https:\/\/www.alsacloud.fr\/#\/schema\/logo\/image\/\",\"url\":\"https:\/\/www.alsacloud.fr\/wp-content\/uploads\/2018\/08\/alsacloud-court.jpg\",\"contentUrl\":\"https:\/\/www.alsacloud.fr\/wp-content\/uploads\/2018\/08\/alsacloud-court.jpg\",\"width\":236,\"height\":57,\"caption\":\"Alsacloud\"},\"image\":{\"@id\":\"https:\/\/www.alsacloud.fr\/#\/schema\/logo\/image\/\"}}]}<\/script>\n<!-- \/ Yoast SEO plugin. -->","yoast_head_json":{"title":"Accueil - Alsacloud.fr","robots":{"index":"index","follow":"follow","max-snippet":"max-snippet:-1","max-image-preview":"max-image-preview:large","max-video-preview":"max-video-preview:-1"},"canonical":"https:\/\/www.alsacloud.fr\/index.php\/accueil\/","og_locale":"fr_FR","og_type":"article","og_title":"Accueil - Alsacloud.fr","og_description":"Alsacloud est le nom de domaine que j&rsquo;utilise dans mon environnement de test lorsque je joue avec des nouvelles solutions que ce soit WEB ou local. Un environnement que j&rsquo;utilise principalement pour reproduire des cas [Lire la suite...]","og_url":"https:\/\/www.alsacloud.fr\/index.php\/accueil\/","og_site_name":"Alsacloud.fr","article_modified_time":"2019-07-27T09:24:37+00:00","twitter_card":"summary_large_image","twitter_misc":{"Dur\u00e9e de lecture estim\u00e9e":"1 minute"},"schema":{"@context":"https:\/\/schema.org","@graph":[{"@type":"WebPage","@id":"https:\/\/www.alsacloud.fr\/index.php\/accueil\/","url":"https:\/\/www.alsacloud.fr\/index.php\/accueil\/","name":"Accueil - Alsacloud.fr","isPartOf":{"@id":"https:\/\/www.alsacloud.fr\/#website"},"datePublished":"2015-12-17T09:07:13+00:00","dateModified":"2019-07-27T09:24:37+00:00","breadcrumb":{"@id":"https:\/\/www.alsacloud.fr\/index.php\/accueil\/#breadcrumb"},"inLanguage":"fr-FR","potentialAction":[{"@type":"ReadAction","target":["https:\/\/www.alsacloud.fr\/index.php\/accueil\/"]}]},{"@type":"BreadcrumbList","@id":"https:\/\/www.alsacloud.fr\/index.php\/accueil\/#breadcrumb","itemListElement":[{"@type":"ListItem","position":1,"name":"Accueil","item":"https:\/\/www.alsacloud.fr\/"},{"@type":"ListItem","position":2,"name":"Accueil"}]},{"@type":"WebSite","@id":"https:\/\/www.alsacloud.fr\/#website","url":"https:\/\/www.alsacloud.fr\/","name":"Alsacloud.fr","description":"Un savoir local pour une technologie dans les nuages...","publisher":{"@id":"https:\/\/www.alsacloud.fr\/#organization"},"potentialAction":[{"@type":"SearchAction","target":{"@type":"EntryPoint","urlTemplate":"https:\/\/www.alsacloud.fr\/?s={search_term_string}"},"query-input":{"@type":"PropertyValueSpecification","valueRequired":true,"valueName":"search_term_string"}}],"inLanguage":"fr-FR"},{"@type":"Organization","@id":"https:\/\/www.alsacloud.fr\/#organization","name":"Alsacloud","url":"https:\/\/www.alsacloud.fr\/","logo":{"@type":"ImageObject","inLanguage":"fr-FR","@id":"https:\/\/www.alsacloud.fr\/#\/schema\/logo\/image\/","url":"https:\/\/www.alsacloud.fr\/wp-content\/uploads\/2018\/08\/alsacloud-court.jpg","contentUrl":"https:\/\/www.alsacloud.fr\/wp-content\/uploads\/2018\/08\/alsacloud-court.jpg","width":236,"height":57,"caption":"Alsacloud"},"image":{"@id":"https:\/\/www.alsacloud.fr\/#\/schema\/logo\/image\/"}}]}},"_links":{"self":[{"href":"https:\/\/www.alsacloud.fr\/index.php\/wp-json\/wp\/v2\/pages\/28"}],"collection":[{"href":"https:\/\/www.alsacloud.fr\/index.php\/wp-json\/wp\/v2\/pages"}],"about":[{"href":"https:\/\/www.alsacloud.fr\/index.php\/wp-json\/wp\/v2\/types\/page"}],"author":[{"embeddable":true,"href":"https:\/\/www.alsacloud.fr\/index.php\/wp-json\/wp\/v2\/users\/1"}],"replies":[{"embeddable":true,"href":"https:\/\/www.alsacloud.fr\/index.php\/wp-json\/wp\/v2\/comments?post=28"}],"version-history":[{"count":9,"href":"https:\/\/www.alsacloud.fr\/index.php\/wp-json\/wp\/v2\/pages\/28\/revisions"}],"predecessor-version":[{"id":469,"href":"https:\/\/www.alsacloud.fr\/index.php\/wp-json\/wp\/v2\/pages\/28\/revisions\/469"}],"wp:attachment":[{"href":"https:\/\/www.alsacloud.fr\/index.php\/wp-json\/wp\/v2\/media?parent=28"}],"curies":[{"name":"wp","href":"https:\/\/api.w.org\/{rel}","templated":true}]}}